{"id":224,"date":"2025-09-30T18:44:21","date_gmt":"2025-09-30T18:44:21","guid":{"rendered":"https:\/\/felipedazzi.com\/?page_id=224"},"modified":"2025-10-01T19:51:40","modified_gmt":"2025-10-01T19:51:40","slug":"teste","status":"publish","type":"page","link":"https:\/\/felipedazzi.com\/","title":{"rendered":"Felipe"},"content":{"rendered":"\t\t<div data-elementor-type=\"wp-page\" data-elementor-id=\"224\" class=\"elementor elementor-224\">\n\t\t\t\t<div class=\"elementor-element elementor-element-66fd90ba e-flex e-con-boxed e-con e-parent\" data-id=\"66fd90ba\" data-element_type=\"container\" data-settings=\"{&quot;background_background&quot;:&quot;gradient&quot;}\">\n\t\t\t\t\t<div class=\"e-con-inner\">\n\t\t<div class=\"elementor-element elementor-element-76e7b132 e-con-full e-flex e-con e-child\" data-id=\"76e7b132\" data-element_type=\"container\">\n\t\t\t\t<div class=\"elementor-element elementor-element-7508b582 elementor-widget elementor-widget-heading\" data-id=\"7508b582\" data-element_type=\"widget\" data-widget_type=\"heading.default\">\n\t\t\t\t<div class=\"elementor-widget-container\">\n\t\t\t\t\t<h1 class=\"elementor-heading-title elementor-size-default\">Aqui voc\u00ea tem acesso a p\u00e1ginas de vendas, prompts de IA e muito mais.<\/h1>\t\t\t\t<\/div>\n\t\t\t\t<\/div>\n\t\t\t\t<div class=\"elementor-element elementor-element-938f7dd elementor-widget elementor-widget-heading\" data-id=\"938f7dd\" data-element_type=\"widget\" data-widget_type=\"heading.default\">\n\t\t\t\t<div class=\"elementor-widget-container\">\n\t\t\t\t\t<h2 class=\"elementor-heading-title elementor-size-default\">Clique para baixar Gratis<\/h2>\t\t\t\t<\/div>\n\t\t\t\t<\/div>\n\t\t\t\t<div class=\"elementor-element elementor-element-53ad1709 elementor-align-justify elementor-widget elementor-widget-button\" data-id=\"53ad1709\" data-element_type=\"widget\" data-widget_type=\"button.default\">\n\t\t\t\t<div class=\"elementor-widget-container\">\n\t\t\t\t\t\t\t\t\t<div class=\"elementor-button-wrapper\">\n\t\t\t\t\t<a class=\"elementor-button elementor-button-link elementor-size-lg\" href=\"#elementor-action%3Aaction%3Dpopup%3Aopen%26settings%3DeyJpZCI6IjMwMCIsInRvZ2dsZSI6ZmFsc2V9\">\n\t\t\t\t\t\t<span class=\"elementor-button-content-wrapper\">\n\t\t\t\t\t\t\t\t\t<span class=\"elementor-button-text\"> QUERO os materiais<\/span>\n\t\t\t\t\t<\/span>\n\t\t\t\t\t<\/a>\n\t\t\t\t<\/div>\n\t\t\t\t\t\t\t\t<\/div>\n\t\t\t\t<\/div>\n\t\t\t\t<\/div>\n\t\t<div class=\"elementor-element elementor-element-560ebd30 e-con-full e-flex e-con e-child\" data-id=\"560ebd30\" data-element_type=\"container\">\n\t\t\t\t<div class=\"elementor-element elementor-element-2106fc14 elementor-widget elementor-widget-image\" data-id=\"2106fc14\" data-element_type=\"widget\" data-widget_type=\"image.default\">\n\t\t\t\t<div class=\"elementor-widget-container\">\n\t\t\t\t\t\t\t\t\t\t\t\t\t\t\t<img fetchpriority=\"high\" decoding=\"async\" width=\"1024\" height=\"1024\" src=\"https:\/\/felipedazzi.com\/wp-content\/uploads\/2025\/09\/93e29c9e-d7bf-4b1e-97ae-dcc091f17b5e-1.png\" class=\"attachment-large size-large wp-image-271\" alt=\"\" srcset=\"https:\/\/felipedazzi.com\/wp-content\/uploads\/2025\/09\/93e29c9e-d7bf-4b1e-97ae-dcc091f17b5e-1.png 1024w, https:\/\/felipedazzi.com\/wp-content\/uploads\/2025\/09\/93e29c9e-d7bf-4b1e-97ae-dcc091f17b5e-1-300x300.png 300w, https:\/\/felipedazzi.com\/wp-content\/uploads\/2025\/09\/93e29c9e-d7bf-4b1e-97ae-dcc091f17b5e-1-150x150.png 150w, https:\/\/felipedazzi.com\/wp-content\/uploads\/2025\/09\/93e29c9e-d7bf-4b1e-97ae-dcc091f17b5e-1-768x768.png 768w\" sizes=\"(max-width: 1024px) 100vw, 1024px\" \/>\t\t\t\t\t\t\t\t\t\t\t\t\t\t\t<\/div>\n\t\t\t\t<\/div>\n\t\t\t\t<\/div>\n\t\t\t\t\t<\/div>\n\t\t\t\t<\/div>\n\t\t<div class=\"elementor-element elementor-element-2cc82676 e-flex e-con-boxed e-con e-parent\" data-id=\"2cc82676\" data-element_type=\"container\" data-settings=\"{&quot;background_background&quot;:&quot;classic&quot;}\">\n\t\t\t\t\t<div class=\"e-con-inner\">\n\t\t<div class=\"elementor-element elementor-element-2e08739a e-con-full e-flex e-con e-child\" data-id=\"2e08739a\" data-element_type=\"container\">\n\t\t\t\t<div class=\"elementor-element elementor-element-7ab5514 elementor-widget elementor-widget-heading\" data-id=\"7ab5514\" data-element_type=\"widget\" data-widget_type=\"heading.default\">\n\t\t\t\t<div class=\"elementor-widget-container\">\n\t\t\t\t\t<p class=\"elementor-heading-title elementor-size-default\">Felipe Dazzi<\/p>\t\t\t\t<\/div>\n\t\t\t\t<\/div>\n\t\t\t\t<div class=\"elementor-element elementor-element-502fd5b8 elementor-widget elementor-widget-text-editor\" data-id=\"502fd5b8\" data-element_type=\"widget\" data-widget_type=\"text-editor.default\">\n\t\t\t\t<div class=\"elementor-widget-container\">\n\t\t\t\t\t\t\t\t\t<p>&#8220;<em>Fa\u00e7a o melhor que puder at\u00e9 ter condi\u00e7\u00f5es de fazer melhor&#8221;<\/em><\/p>\n<p>Nascido em S\u00e3o Paulo, empreendedor digital a 3 anos, estudante de Marketing Digital na FMU, tenho por meta ajudar as pessoas com um suporte premium por um pre\u00e7o irris\u00f3rio.<\/p>\n<p>Brindaremos.<\/p>\t\t\t\t\t\t\t\t<\/div>\n\t\t\t\t<\/div>\n\t\t\t\t<\/div>\n\t\t<div class=\"elementor-element elementor-element-ee56ebf e-con-full e-flex e-con e-child\" data-id=\"ee56ebf\" data-element_type=\"container\">\n\t\t\t\t<div class=\"elementor-element elementor-element-5ac360be elementor-widget elementor-widget-image\" data-id=\"5ac360be\" data-element_type=\"widget\" data-widget_type=\"image.default\">\n\t\t\t\t<div class=\"elementor-widget-container\">\n\t\t\t\t\t\t\t\t\t\t\t\t\t\t\t<img decoding=\"async\" width=\"1024\" height=\"1024\" src=\"https:\/\/felipedazzi.com\/wp-content\/uploads\/2025\/09\/bd60a7fd-8d71-4fb1-b266-b3ee7260c869.png\" class=\"attachment-full size-full wp-image-273\" alt=\"\" srcset=\"https:\/\/felipedazzi.com\/wp-content\/uploads\/2025\/09\/bd60a7fd-8d71-4fb1-b266-b3ee7260c869.png 1024w, https:\/\/felipedazzi.com\/wp-content\/uploads\/2025\/09\/bd60a7fd-8d71-4fb1-b266-b3ee7260c869-300x300.png 300w, https:\/\/felipedazzi.com\/wp-content\/uploads\/2025\/09\/bd60a7fd-8d71-4fb1-b266-b3ee7260c869-150x150.png 150w, https:\/\/felipedazzi.com\/wp-content\/uploads\/2025\/09\/bd60a7fd-8d71-4fb1-b266-b3ee7260c869-768x768.png 768w\" sizes=\"(max-width: 1024px) 100vw, 1024px\" \/>\t\t\t\t\t\t\t\t\t\t\t\t\t\t\t<\/div>\n\t\t\t\t<\/div>\n\t\t\t\t<\/div>\n\t\t\t\t\t<\/div>\n\t\t\t\t<\/div>\n\t\t<div class=\"elementor-element elementor-element-672f30a e-flex e-con-boxed e-con e-parent\" data-id=\"672f30a\" data-element_type=\"container\" data-settings=\"{&quot;background_background&quot;:&quot;classic&quot;}\">\n\t\t\t\t\t<div class=\"e-con-inner\">\n\t\t\t\t<div class=\"elementor-element elementor-element-6eb59f71 elementor-widget elementor-widget-image\" data-id=\"6eb59f71\" data-element_type=\"widget\" data-widget_type=\"image.default\">\n\t\t\t\t<div class=\"elementor-widget-container\">\n\t\t\t\t\t\t\t\t\t\t\t\t\t\t\t<img decoding=\"async\" width=\"513\" height=\"236\" src=\"https:\/\/felipedazzi.com\/wp-content\/uploads\/2025\/09\/e52d0135-9697-42d1-b84c-52cd958be2ca.png\" class=\"attachment-full size-full wp-image-275\" alt=\"\" srcset=\"https:\/\/felipedazzi.com\/wp-content\/uploads\/2025\/09\/e52d0135-9697-42d1-b84c-52cd958be2ca.png 513w, https:\/\/felipedazzi.com\/wp-content\/uploads\/2025\/09\/e52d0135-9697-42d1-b84c-52cd958be2ca-300x138.png 300w\" sizes=\"(max-width: 513px) 100vw, 513px\" \/>\t\t\t\t\t\t\t\t\t\t\t\t\t\t\t<\/div>\n\t\t\t\t<\/div>\n\t\t\t\t<div class=\"elementor-element elementor-element-37bf6dac elementor-widget elementor-widget-text-editor\" data-id=\"37bf6dac\" data-element_type=\"widget\" data-widget_type=\"text-editor.default\">\n\t\t\t\t<div class=\"elementor-widget-container\">\n\t\t\t\t\t\t\t\t\t<p><strong>ZimeDigital Ltda<\/strong><br \/><a href=\"#\">Pol\u00edtica de Privacidade<\/a> | <a href=\"#\">Termos de Uso<\/a><\/p>\t\t\t\t\t\t\t\t<\/div>\n\t\t\t\t<\/div>\n\t\t\t\t\t<\/div>\n\t\t\t\t<\/div>\n\t\t\t\t<\/div>\n\t\t","protected":false},"excerpt":{"rendered":"<p>Aqui voc\u00ea tem acesso a p\u00e1ginas de vendas, prompts de IA e muito mais. Clique para baixar Gratis QUERO os materiais Felipe Dazzi &#8220;Fa\u00e7a o melhor que puder at\u00e9 ter condi\u00e7\u00f5es de fazer melhor&#8221; Nascido em S\u00e3o Paulo, empreendedor digital a 3 anos, estudante de Marketing Digital na FMU, tenho por meta ajudar as pessoas [&hellip;]<\/p>\n","protected":false},"author":1,"featured_media":0,"parent":0,"menu_order":0,"comment_status":"closed","ping_status":"closed","template":"elementor_canvas","meta":{"footnotes":""},"class_list":["post-224","page","type-page","status-publish","hentry"],"_links":{"self":[{"href":"https:\/\/felipedazzi.com\/index.php?rest_route=\/wp\/v2\/pages\/224","targetHints":{"allow":["GET"]}}],"collection":[{"href":"https:\/\/felipedazzi.com\/index.php?rest_route=\/wp\/v2\/pages"}],"about":[{"href":"https:\/\/felipedazzi.com\/index.php?rest_route=\/wp\/v2\/types\/page"}],"author":[{"embeddable":true,"href":"https:\/\/felipedazzi.com\/index.php?rest_route=\/wp\/v2\/users\/1"}],"replies":[{"embeddable":true,"href":"https:\/\/felipedazzi.com\/index.php?rest_route=%2Fwp%2Fv2%2Fcomments&post=224"}],"version-history":[{"count":41,"href":"https:\/\/felipedazzi.com\/index.php?rest_route=\/wp\/v2\/pages\/224\/revisions"}],"predecessor-version":[{"id":322,"href":"https:\/\/felipedazzi.com\/index.php?rest_route=\/wp\/v2\/pages\/224\/revisions\/322"}],"wp:attachment":[{"href":"https:\/\/felipedazzi.com\/index.php?rest_route=%2Fwp%2Fv2%2Fmedia&parent=224"}],"curies":[{"name":"wp","href":"https:\/\/api.w.org\/{rel}","templated":true}]}}